{"id":6881,"date":"2019-09-13T14:34:54","date_gmt":"2019-09-13T07:34:54","guid":{"rendered":"https:\/\/sixsensescondao.com\/ban-tin\/"},"modified":"2019-09-27T16:12:15","modified_gmt":"2019-09-27T09:12:15","slug":"newsletter","status":"publish","type":"page","link":"https:\/\/www.sixsensescondao.com\/vn\/newsletter\/","title":{"rendered":"B\u1ea3n tin"},"content":{"rendered":"\t\t<div data-elementor-type=\"wp-post\" data-elementor-id=\"6881\" class=\"elementor elementor-6881 elementor-1924\" data-elementor-post-type=\"page\">\n\t\t\t\t\t\t<section class=\"elementor-section elementor-top-section elementor-element elementor-element-1ca7a170 elementor-section-stretched elementor-section-full_width container_fullwidth inner elementor-section-height-default elementor-section-height-default\" data-id=\"1ca7a170\" data-element_type=\"section\" data-settings=\"{&quot;stretch_section&quot;:&quot;section-stretched&quot;}\">\n\t\t\t\t\t\t<div class=\"elementor-container elementor-column-gap-no\">\n\t\t\t\t\t<div class=\"elementor-column elementor-col-100 elementor-top-column elementor-element elementor-element-5ded1755\" data-id=\"5ded1755\" data-element_type=\"column\">\n\t\t\t<div class=\"elementor-widget-wrap elementor-element-populated\">\n\t\t\t\t\t\t<div class=\"elementor-section elementor-inner-section elementor-element elementor-element-7648088a elementor-section-full_width elementor-section-height-default elementor-section-height-default\" data-id=\"7648088a\" data-element_type=\"section\">\n\t\t\t\t\t\t<div class=\"elementor-container elementor-column-gap-no\">\n\t\t\t\t\t<div class=\"elementor-column elementor-col-50 elementor-inner-column elementor-element elementor-element-5f9e9bd1\" data-id=\"5f9e9bd1\" data-element_type=\"column\">\n\t\t\t<div class=\"elementor-widget-wrap elementor-element-populated\">\n\t\t\t\t\t\t<div class=\"elementor-element elementor-element-6a496cd subtitle elementor-widget elementor-widget-heading\" data-id=\"6a496cd\" data-element_type=\"widget\" data-widget_type=\"heading.default\">\n\t\t\t\t<div class=\"elementor-widget-container\">\n\t\t\t<h3 class=\"elementor-heading-title elementor-size-default\">B\u1ea3n tin Six Senses C\u00f4n \u0110\u1ea3o <\/h3>\t\t<\/div>\n\t\t\t\t<\/div>\n\t\t\t\t<div class=\"elementor-element elementor-element-8a1b2cf elementor-widget elementor-widget-heading\" data-id=\"8a1b2cf\" data-element_type=\"widget\" data-widget_type=\"heading.default\">\n\t\t\t\t<div class=\"elementor-widget-container\">\n\t\t\t<h1 class=\"elementor-heading-title elementor-size-default\">C\u1eadp nh\u1eadt c\u00e1c \u01b0u \u0111\u00e3i m\u1edbi nh\u1ea5t v\u00e0 ch\u01b0\u01a1ng tr\u00ecnh h\u1ea5p d\u1eabn t\u1ea1i Six Senses<\/h1>\t\t<\/div>\n\t\t\t\t<\/div>\n\t\t\t\t<div class=\"elementor-element elementor-element-6172011f elementor-widget elementor-widget-text-editor\" data-id=\"6172011f\" data-element_type=\"widget\" data-widget_type=\"text-editor.default\">\n\t\t\t\t<div class=\"elementor-widget-container\">\n\t\t\t\t\t\t\t<p>Ch\u00fang t\u00f4i mong \u0111\u1ee3i \u0111\u01b0\u1ee3c chia s\u1ebb v\u1edbi b\u1ea1n nh\u1eefng c\u00e2u chuy\u1ec7n v\u00e0 tr\u1ea3i nghi\u1ec7m \u0111\u1ed9c \u0111\u00e1o, c\u00e1c tin t\u1ee9c ch\u0103m s\u00f3c s\u1ee9c kho\u1ebb c\u0169ng nh\u01b0 h\u00e0nh tr\u00ecnh du l\u1ecbch th\u00fa v\u1ecb t\u1eeb kh\u1eafc n\u01a1i tr\u00ean th\u1ebf gi\u1edbi. V\u00e0 b\u1ea1n c\u00f3 th\u1ec3 ng\u1eebng \u0111\u0103ng k\u00fd nh\u1eadn b\u1ea3n tin v\u00e0o b\u1ea5t k\u1ef3 l\u00fac n\u00e0o.<\/p>\n<p>\u200b<script type=\"text\/javascript\">var gform;gform||(document.addEventListener(\"gform_main_scripts_loaded\",function(){gform.scriptsLoaded=!0}),window.addEventListener(\"DOMContentLoaded\",function(){gform.domLoaded=!0}),gform={domLoaded:!1,scriptsLoaded:!1,initializeOnLoaded:function(o){gform.domLoaded&&gform.scriptsLoaded?o():!gform.domLoaded&&gform.scriptsLoaded?window.addEventListener(\"DOMContentLoaded\",o):document.addEventListener(\"gform_main_scripts_loaded\",o)},hooks:{action:{},filter:{}},addAction:function(o,n,r,t){gform.addHook(\"action\",o,n,r,t)},addFilter:function(o,n,r,t){gform.addHook(\"filter\",o,n,r,t)},doAction:function(o){gform.doHook(\"action\",o,arguments)},applyFilters:function(o){return gform.doHook(\"filter\",o,arguments)},removeAction:function(o,n){gform.removeHook(\"action\",o,n)},removeFilter:function(o,n,r){gform.removeHook(\"filter\",o,n,r)},addHook:function(o,n,r,t,i){null==gform.hooks[o][n]&&(gform.hooks[o][n]=[]);var e=gform.hooks[o][n];null==i&&(i=n+\"_\"+e.length),gform.hooks[o][n].push({tag:i,callable:r,priority:t=null==t?10:t})},doHook:function(n,o,r){var t;if(r=Array.prototype.slice.call(r,1),null!=gform.hooks[n][o]&&((o=gform.hooks[n][o]).sort(function(o,n){return o.priority-n.priority}),o.forEach(function(o){\"function\"!=typeof(t=o.callable)&&(t=window[t]),\"action\"==n?t.apply(null,r):r[0]=t.apply(null,r)})),\"filter\"==n)return r[0]},removeHook:function(o,n,t,i){var r;null!=gform.hooks[o][n]&&(r=(r=gform.hooks[o][n]).filter(function(o,n,r){return!!(null!=i&&i!=o.tag||null!=t&&t!=o.priority)}),gform.hooks[o][n]=r)}});<\/script>\n                <div class='gf_browser_gecko gform_wrapper gform_legacy_markup_wrapper gform-theme--no-framework' data-form-theme='legacy' data-form-index='0' id='gform_wrapper_8' ><div id='gf_8' class='gform_anchor' tabindex='-1'><\/div><form method='post' enctype='multipart\/form-data' target='gform_ajax_frame_8' id='gform_8'  action='\/vn\/wp-json\/wp\/v2\/pages\/6881#gf_8' data-formid='8' novalidate> \r\n <input type='hidden' class='gforms-pum' value='{\"closepopup\":false,\"closedelay\":0,\"openpopup\":false,\"openpopup_id\":0}' \/>\n                        <div class='gform-body gform_body'><ul id='gform_fields_8' class='gform_fields top_label form_sublabel_below description_below'><li id=\"field_8_7\"  class=\"gfield gfield--type-html gfield_html gfield_html_formatted gfield_no_follows_desc field_sublabel_below gfield--no-description field_description_below gfield_visibility_visible\"  data-js-reload=\"field_8_7\">Th\u00f4ng tin c\u00e1 nh\u00e2n<\/li><li id=\"field_8_1\"  class=\"gfield gfield--type-select field_sublabel_below gfield--no-description field_description_above hidden_label gfield_visibility_visible\"  data-js-reload=\"field_8_1\"><label class='gfield_label gform-field-label' for='input_8_1' >Danh x\u01b0ng<\/label><div class='ginput_container ginput_container_select'><select name='input_1' id='input_8_1' class='medium gfield_select' tabindex='49'    aria-invalid=\"false\" ><option value='Danh x\u01b0ng' >Danh x\u01b0ng<\/option><option value='Mr.' >Mr.<\/option><option value='Mrs.' >Mrs.<\/option><option value='Ms.' >Ms.<\/option><option value='Dr.' >Dr.<\/option><option value='Prof.' >Prof.<\/option><\/select><\/div><\/li><li id=\"field_8_2\"  class=\"gfield gfield--type-text gfield_contains_required field_sublabel_below gfield--no-description field_description_below gfield_visibility_visible\"  data-js-reload=\"field_8_2\"><label class='gfield_label gform-field-label' for='input_8_2' >T\u00ean<span class=\"gfield_required\"><span class=\"gfield_required gfield_required_asterisk\">*<\/span><\/span><\/label><div class='ginput_container ginput_container_text'><input name='input_2' id='input_8_2' type='text' value='' class='medium'   tabindex='50'  aria-required=\"true\" aria-invalid=\"false\"   \/> <\/div><\/li><li id=\"field_8_3\"  class=\"gfield gfield--type-text gfield_contains_required field_sublabel_below gfield--no-description field_description_below gfield_visibility_visible\"  data-js-reload=\"field_8_3\"><label class='gfield_label gform-field-label' for='input_8_3' >H\u1ecd<span class=\"gfield_required\"><span class=\"gfield_required gfield_required_asterisk\">*<\/span><\/span><\/label><div class='ginput_container ginput_container_text'><input name='input_3' id='input_8_3' type='text' value='' class='medium'   tabindex='51'  aria-required=\"true\" aria-invalid=\"false\"   \/> <\/div><\/li><li id=\"field_8_4\"  class=\"gfield gfield--type-email gfield_contains_required field_sublabel_below gfield--no-description field_description_below gfield_visibility_visible\"  data-js-reload=\"field_8_4\"><label class='gfield_label gform-field-label' for='input_8_4' >Email<span class=\"gfield_required\"><span class=\"gfield_required gfield_required_asterisk\">*<\/span><\/span><\/label><div class='ginput_container ginput_container_email'>\n                            <input name='input_4' id='input_8_4' type='email' value='' class='medium' tabindex='52'   aria-required=\"true\" aria-invalid=\"false\"  \/>\n                        <\/div><\/li><li id=\"field_8_8\"  class=\"gfield gfield--type-html gfield_html gfield_html_formatted gfield_no_follows_desc field_sublabel_below gfield--no-description field_description_below gfield_visibility_visible\"  data-js-reload=\"field_8_8\">Ch\u00ednh s\u00e1ch b\u1ea3o m\u1eadt n\u00e0y.<\/li><li id=\"field_8_5\"  class=\"gfield gfield--type-checkbox gfield--type-choice hide-description field_sublabel_below gfield--has-description field_description_below gfield_visibility_visible\"  data-js-reload=\"field_8_5\"><label class='gfield_label gform-field-label screen-reader-text gfield_label_before_complex'  >T\u00f4i \u0111\u00e3 \u0111\u1ecdc v\u00e0 \u0111\u1ed3ng \u00fd c\u00e1c n\u1ed9i dung c\u1ee7a Ch\u00ednh s\u00e1ch b\u1ea3o m\u1eadt n\u00e0y.<\/label><div class='ginput_container ginput_container_checkbox'><ul class='gfield_checkbox' id='input_8_5'><li class='gchoice gchoice_8_5_1'>\n\t\t\t\t\t\t\t\t<input class='gfield-choice-input' name='input_5.1' type='checkbox'  value='T\u00f4i \u0111\u00e3 \u0111\u1ecdc v\u00e0 \u0111\u1ed3ng \u00fd c\u00e1c n\u1ed9i dung c\u1ee7a &lt;a href=&quot;https:\/\/www.sixsensescondao.com\/vn\/privacy-policy\/&quot; traget=&quot;_blank&quot;&gt;Ch\u00ednh s\u00e1ch b\u1ea3o m\u1eadt n\u00e0y.&lt;\/a&gt;'  id='choice_8_5_1' tabindex='53'  aria-describedby=\"gfield_description_8_5\"\/>\n\t\t\t\t\t\t\t\t<label for='choice_8_5_1' id='label_8_5_1' class='gform-field-label gform-field-label--type-inline'>T\u00f4i \u0111\u00e3 \u0111\u1ecdc v\u00e0 \u0111\u1ed3ng \u00fd c\u00e1c n\u1ed9i dung c\u1ee7a <a href=\"https:\/\/www.sixsensescondao.com\/vn\/privacy-policy\/\" traget=\"_blank\">Ch\u00ednh s\u00e1ch b\u1ea3o m\u1eadt n\u00e0y.<\/a><\/label>\n\t\t\t\t\t\t\t<\/li><\/ul><\/div><div class='gfield_description' id='gfield_description_8_5'>T\u00f4i \u0111\u00e3 \u0111\u1ecdc v\u00e0 \u0111\u1ed3ng \u00fd c\u00e1c n\u1ed9i dung c\u1ee7a <a href=\"https:\/\/www.sixsensescondao.com\/vn\/privacy-policy\/\" traget=\"_blank\">Ch\u00ednh s\u00e1ch b\u1ea3o m\u1eadt n\u00e0y.<\/a><\/div><\/li><li id=\"field_8_9\"  class=\"gfield gfield--type-captcha field_sublabel_below gfield--no-description field_description_below hidden_label gfield_visibility_visible\"  data-js-reload=\"field_8_9\"><label class='gfield_label gform-field-label' for='input_8_9' >CAPTCHA<\/label><div id='input_8_9' class='ginput_container ginput_recaptcha' data-sitekey='6LfeqJUsAAAAADypJnroO1M_vnc4jewZrGhmYepv'  data-theme='light' data-tabindex='54'  data-badge=''><\/div><\/li><\/ul><\/div>\n        <div class='gform_footer top_label'> <input type='submit' id='gform_submit_button_8' class='gform_button button' value='\u0110\u0103ng k\u00fd nh\u1eadn tin' tabindex='55' onclick='if(window[\"gf_submitting_8\"]){return false;}  if( !jQuery(\"#gform_8\")[0].checkValidity || jQuery(\"#gform_8\")[0].checkValidity()){window[\"gf_submitting_8\"]=true;}  ' onkeypress='if( event.keyCode == 13 ){ if(window[\"gf_submitting_8\"]){return false;} if( !jQuery(\"#gform_8\")[0].checkValidity || jQuery(\"#gform_8\")[0].checkValidity()){window[\"gf_submitting_8\"]=true;}  jQuery(\"#gform_8\").trigger(\"submit\",[true]); }' \/> <input type='hidden' name='gform_ajax' value='form_id=8&amp;title=&amp;description=&amp;tabindex=49' \/>\n            <input type='hidden' class='gform_hidden' name='is_submit_8' value='1' \/>\n            <input type='hidden' class='gform_hidden' name='gform_submit' value='8' \/>\n            \n            <input type='hidden' class='gform_hidden' name='gform_unique_id' value='' \/>\n            <input type='hidden' class='gform_hidden' name='state_8' value='WyJbXSIsIjk0OGZlNmM3Mjc1YmMyMmRjNWM5YTVmNTY4YzRkOTM5Il0=' \/>\n            <input type='hidden' class='gform_hidden' name='gform_target_page_number_8' id='gform_target_page_number_8' value='0' \/>\n            <input type='hidden' class='gform_hidden' name='gform_source_page_number_8' id='gform_source_page_number_8' value='1' \/>\n            <input type='hidden' name='gform_field_values' value='' \/>\n            \n        <\/div>\n                        <\/form>\n                        <\/div>\n\t\t                <iframe style='display:none;width:0px;height:0px;' src='about:blank' name='gform_ajax_frame_8' id='gform_ajax_frame_8' title='This iframe contains the logic required to handle Ajax powered Gravity Forms.'><\/iframe>\n\t\t                <script type=\"text\/javascript\">\n\/* <![CDATA[ *\/\n gform.initializeOnLoaded( function() {gformInitSpinner( 8, 'https:\/\/www.sixsensescondao.com\/wp-content\/plugins\/gravityforms\/images\/spinner.svg', true );jQuery('#gform_ajax_frame_8').on('load',function(){var contents = jQuery(this).contents().find('*').html();var is_postback = contents.indexOf('GF_AJAX_POSTBACK') >= 0;if(!is_postback){return;}var form_content = jQuery(this).contents().find('#gform_wrapper_8');var is_confirmation = jQuery(this).contents().find('#gform_confirmation_wrapper_8').length > 0;var is_redirect = contents.indexOf('gformRedirect(){') >= 0;var is_form = form_content.length > 0 && ! is_redirect && ! is_confirmation;var mt = parseInt(jQuery('html').css('margin-top'), 10) + parseInt(jQuery('body').css('margin-top'), 10) + 100;if(is_form){jQuery('#gform_wrapper_8').html(form_content.html());if(form_content.hasClass('gform_validation_error')){jQuery('#gform_wrapper_8').addClass('gform_validation_error');} else {jQuery('#gform_wrapper_8').removeClass('gform_validation_error');}setTimeout( function() { \/* delay the scroll by 50 milliseconds to fix a bug in chrome *\/ jQuery(document).scrollTop(290); }, 50 );if(window['gformInitDatepicker']) {gformInitDatepicker();}if(window['gformInitPriceFields']) {gformInitPriceFields();}var current_page = jQuery('#gform_source_page_number_8').val();gformInitSpinner( 8, 'https:\/\/www.sixsensescondao.com\/wp-content\/plugins\/gravityforms\/images\/spinner.svg', true );jQuery(document).trigger('gform_page_loaded', [8, current_page]);window['gf_submitting_8'] = false;}else if(!is_redirect){var confirmation_content = jQuery(this).contents().find('.GF_AJAX_POSTBACK').html();if(!confirmation_content){confirmation_content = contents;}setTimeout(function(){jQuery('#gform_wrapper_8').replaceWith(confirmation_content);jQuery(document).scrollTop(290);jQuery(document).trigger('gform_confirmation_loaded', [8]);window['gf_submitting_8'] = false;wp.a11y.speak(jQuery('#gform_confirmation_message_8').text());}, 50);}else{jQuery('#gform_8').append(contents);if(window['gformRedirect']) {gformRedirect();}}jQuery(document).trigger('gform_post_render', [8, current_page]);gform.utils.trigger({ event: 'gform\/postRender', native: false, data: { formId: 8, currentPage: current_page } });} );} ); \n\/* ]]> *\/\n<\/script>\n<\/p>\n\t\t\t\t\t\t<\/div>\n\t\t\t\t<\/div>\n\t\t\t\t\t<\/div>\n\t\t<\/div>\n\t\t\t\t<div class=\"elementor-column elementor-col-50 elementor-inner-column elementor-element elementor-element-4e74bc2\" data-id=\"4e74bc2\" data-element_type=\"column\">\n\t\t\t<div class=\"elementor-widget-wrap elementor-element-populated\">\n\t\t\t\t\t\t<div class=\"elementor-element elementor-element-286da5f elementor-widget elementor-widget-image\" data-id=\"286da5f\" data-element_type=\"widget\" data-widget_type=\"image.default\">\n\t\t\t\t<div class=\"elementor-widget-container\">\n\t\t\t\t\t\t\t\t\t\t\t\t\t<img fetchpriority=\"high\" decoding=\"async\" width=\"286\" height=\"300\" src=\"https:\/\/www.sixsensescondao.com\/wp-content\/uploads\/2019\/08\/six-senses-newsletter-small-286x300.png\" class=\"attachment-medium size-medium wp-image-6886\" alt=\"\" srcset=\"https:\/\/www.sixsensescondao.com\/wp-content\/uploads\/2019\/08\/six-senses-newsletter-small-286x300.png 286w, https:\/\/www.sixsensescondao.com\/wp-content\/uploads\/2019\/08\/six-senses-newsletter-small.png 400w\" sizes=\"100vw\" \/>\t\t\t\t\t\t\t\t\t\t\t\t\t<\/div>\n\t\t\t\t<\/div>\n\t\t\t\t\t<\/div>\n\t\t<\/div>\n\t\t\t\t\t<\/div>\n\t\t<\/div>\n\t\t\t\t\t<\/div>\n\t\t<\/div>\n\t\t\t\t\t<\/div>\n\t\t<\/section>\n\t\t\t\t<\/div>\n\t\t","protected":false},"excerpt":{"rendered":"<p>B\u1ea3n tin Six Senses C\u00f4n \u0110\u1ea3o C\u1eadp nh\u1eadt c\u00e1c \u01b0u \u0111\u00e3i m\u1edbi nh\u1ea5t v\u00e0 ch\u01b0\u01a1ng tr\u00ecnh h\u1ea5p d\u1eabn t\u1ea1i Six Senses Ch\u00fang t\u00f4i mong \u0111\u1ee3i \u0111\u01b0\u1ee3c chia s\u1ebb v\u1edbi b\u1ea1n nh\u1eefng c\u00e2u chuy\u1ec7n v\u00e0 tr\u1ea3i nghi\u1ec7m \u0111\u1ed9c \u0111\u00e1o, c\u00e1c tin t\u1ee9c ch\u0103m s\u00f3c s\u1ee9c kho\u1ebb c\u0169ng nh\u01b0 h\u00e0nh tr\u00ecnh du l\u1ecbch th\u00fa v\u1ecb t\u1eeb kh\u1eafc &hellip; <\/p>\n<p class=\"link-more\"><a href=\"https:\/\/www.sixsensescondao.com\/vn\/newsletter\/\" class=\"more-link\">Continue reading<span class=\"screen-reader-text\"> &#8220;B\u1ea3n tin&#8221;<\/span><\/a><\/p>\n","protected":false},"author":1,"featured_media":0,"parent":0,"menu_order":0,"comment_status":"closed","ping_status":"closed","template":"active-header.php","meta":{"_acf_changed":false,"om_disable_all_campaigns":false,"_monsterinsights_skip_tracking":false,"_monsterinsights_sitenote_active":false,"_monsterinsights_sitenote_note":"","_monsterinsights_sitenote_category":0,"footnotes":"","_links_to":"","_links_to_target":""},"acf":[],"yoast_head":"<!-- This site is optimized with the Yoast SEO plugin v22.0 - https:\/\/yoast.com\/wordpress\/plugins\/seo\/ -->\n<title>Six Senses C\u00f4n \u0110\u1ea3o | B\u1ea3n Tin \u0110i\u1ec7n T\u1eed | \u0110\u0103ng K\u00fd Nh\u1eadn Tin<\/title>\n<meta name=\"description\" content=\"Six Senses C\u00f4n \u0110\u1ea3o lu\u00f4n c\u00f3 nh\u1eefng \u01b0u \u0111\u00e3i tuy\u1ec7t v\u1eddi d\u00e0nh cho qu\u00fd kh\u00e1ch. Vui l\u00f2ng \u0111\u0103ng k\u00fd \u0111\u1ec3 nh\u1eadn b\u1ea3n tin v\u00e0 th\u00f4ng tin \u01b0u \u0111\u00e3i\" \/>\n<meta name=\"robots\" content=\"index, follow, max-snippet:-1, max-image-preview:large, max-video-preview:-1\" \/>\n<link rel=\"canonical\" href=\"https:\/\/www.sixsensescondao.com\/vn\/newsletter\/\" \/>\n<meta property=\"og:locale\" content=\"en_US\" \/>\n<meta property=\"og:type\" content=\"article\" \/>\n<meta property=\"og:title\" content=\"Six Senses C\u00f4n \u0110\u1ea3o | B\u1ea3n Tin \u0110i\u1ec7n T\u1eed | \u0110\u0103ng K\u00fd Nh\u1eadn Tin\" \/>\n<meta property=\"og:description\" content=\"Six Senses C\u00f4n \u0110\u1ea3o lu\u00f4n c\u00f3 nh\u1eefng \u01b0u \u0111\u00e3i tuy\u1ec7t v\u1eddi d\u00e0nh cho qu\u00fd kh\u00e1ch. Vui l\u00f2ng \u0111\u0103ng k\u00fd \u0111\u1ec3 nh\u1eadn b\u1ea3n tin v\u00e0 th\u00f4ng tin \u01b0u \u0111\u00e3i\" \/>\n<meta property=\"og:url\" content=\"https:\/\/www.sixsensescondao.com\/vn\/newsletter\/\" \/>\n<meta property=\"og:site_name\" content=\"Six Senses Con Dao\" \/>\n<meta property=\"article:publisher\" content=\"https:\/\/www.facebook.com\/SixSensesConDao\" \/>\n<meta property=\"article:modified_time\" content=\"2019-09-27T09:12:15+00:00\" \/>\n<meta property=\"og:image\" content=\"https:\/\/www.sixsensescondao.com\/wp-content\/uploads\/2019\/08\/six-senses-newsletter-small-286x300.png\" \/>\n<meta name=\"twitter:card\" content=\"summary_large_image\" \/>\n<meta name=\"twitter:site\" content=\"@SixSensesConDao\" \/>\n<meta name=\"twitter:label1\" content=\"Est. reading time\" \/>\n\t<meta name=\"twitter:data1\" content=\"1 minute\" \/>\n<!-- \/ Yoast SEO plugin. -->","yoast_head_json":{"title":"Six Senses C\u00f4n \u0110\u1ea3o | B\u1ea3n Tin \u0110i\u1ec7n T\u1eed | \u0110\u0103ng K\u00fd Nh\u1eadn Tin","description":"Six Senses C\u00f4n \u0110\u1ea3o lu\u00f4n c\u00f3 nh\u1eefng \u01b0u \u0111\u00e3i tuy\u1ec7t v\u1eddi d\u00e0nh cho qu\u00fd kh\u00e1ch. Vui l\u00f2ng \u0111\u0103ng k\u00fd \u0111\u1ec3 nh\u1eadn b\u1ea3n tin v\u00e0 th\u00f4ng tin \u01b0u \u0111\u00e3i","robots":{"index":"index","follow":"follow","max-snippet":"max-snippet:-1","max-image-preview":"max-image-preview:large","max-video-preview":"max-video-preview:-1"},"canonical":"https:\/\/www.sixsensescondao.com\/vn\/newsletter\/","og_locale":"en_US","og_type":"article","og_title":"Six Senses C\u00f4n \u0110\u1ea3o | B\u1ea3n Tin \u0110i\u1ec7n T\u1eed | \u0110\u0103ng K\u00fd Nh\u1eadn Tin","og_description":"Six Senses C\u00f4n \u0110\u1ea3o lu\u00f4n c\u00f3 nh\u1eefng \u01b0u \u0111\u00e3i tuy\u1ec7t v\u1eddi d\u00e0nh cho qu\u00fd kh\u00e1ch. Vui l\u00f2ng \u0111\u0103ng k\u00fd \u0111\u1ec3 nh\u1eadn b\u1ea3n tin v\u00e0 th\u00f4ng tin \u01b0u \u0111\u00e3i","og_url":"https:\/\/www.sixsensescondao.com\/vn\/newsletter\/","og_site_name":"Six Senses Con Dao","article_publisher":"https:\/\/www.facebook.com\/SixSensesConDao","article_modified_time":"2019-09-27T09:12:15+00:00","og_image":[{"url":"https:\/\/www.sixsensescondao.com\/wp-content\/uploads\/2019\/08\/six-senses-newsletter-small-286x300.png"}],"twitter_card":"summary_large_image","twitter_site":"@SixSensesConDao","twitter_misc":{"Est. reading time":"1 minute"},"schema":{"@context":"https:\/\/schema.org","@graph":[{"@type":"WebPage","@id":"https:\/\/www.sixsensescondao.com\/vn\/newsletter\/","url":"https:\/\/www.sixsensescondao.com\/vn\/newsletter\/","name":"Six Senses C\u00f4n \u0110\u1ea3o | B\u1ea3n Tin \u0110i\u1ec7n T\u1eed | \u0110\u0103ng K\u00fd Nh\u1eadn Tin","isPartOf":{"@id":"https:\/\/www.sixsensescondao.com\/#website"},"datePublished":"2019-09-13T07:34:54+00:00","dateModified":"2019-09-27T09:12:15+00:00","description":"Six Senses C\u00f4n \u0110\u1ea3o lu\u00f4n c\u00f3 nh\u1eefng \u01b0u \u0111\u00e3i tuy\u1ec7t v\u1eddi d\u00e0nh cho qu\u00fd kh\u00e1ch. Vui l\u00f2ng \u0111\u0103ng k\u00fd \u0111\u1ec3 nh\u1eadn b\u1ea3n tin v\u00e0 th\u00f4ng tin \u01b0u \u0111\u00e3i","breadcrumb":{"@id":"https:\/\/www.sixsensescondao.com\/vn\/newsletter\/#breadcrumb"},"inLanguage":"vn","potentialAction":[{"@type":"ReadAction","target":["https:\/\/www.sixsensescondao.com\/vn\/newsletter\/"]}]},{"@type":"BreadcrumbList","@id":"https:\/\/www.sixsensescondao.com\/vn\/newsletter\/#breadcrumb","itemListElement":[{"@type":"ListItem","position":1,"name":"Home","item":"https:\/\/www.sixsensescondao.com\/"},{"@type":"ListItem","position":2,"name":"B\u1ea3n tin"}]},{"@type":"WebSite","@id":"https:\/\/www.sixsensescondao.com\/#website","url":"https:\/\/www.sixsensescondao.com\/","name":"Six Senses Con Dao","description":"","publisher":{"@id":"https:\/\/www.sixsensescondao.com\/#organization"},"potentialAction":[{"@type":"SearchAction","target":{"@type":"EntryPoint","urlTemplate":"https:\/\/www.sixsensescondao.com\/?s={search_term_string}"},"query-input":"required name=search_term_string"}],"inLanguage":"vn"},{"@type":"Organization","@id":"https:\/\/www.sixsensescondao.com\/#organization","name":"Six Senses Con Dao","url":"https:\/\/www.sixsensescondao.com\/","logo":{"@type":"ImageObject","inLanguage":"vn","@id":"https:\/\/www.sixsensescondao.com\/#\/schema\/logo\/image\/","url":"https:\/\/www.sixsensescondao.com\/wp-content\/uploads\/2020\/07\/SSCD-mau-tim.png","contentUrl":"https:\/\/www.sixsensescondao.com\/wp-content\/uploads\/2020\/07\/SSCD-mau-tim.png","width":1772,"height":1772,"caption":"Six Senses Con Dao"},"image":{"@id":"https:\/\/www.sixsensescondao.com\/#\/schema\/logo\/image\/"},"sameAs":["https:\/\/www.facebook.com\/SixSensesConDao","https:\/\/twitter.com\/SixSensesConDao","https:\/\/www.instagram.com\/sixsensescondao\/","https:\/\/www.linkedin.com\/company\/six-senses-con-dao","https:\/\/www.pinterest.com\/sixsensescondao\/","https:\/\/www.youtube.com\/channel\/UCRQWMAX_rQJnQkhTI810TNA"]}]}},"_links":{"self":[{"href":"https:\/\/www.sixsensescondao.com\/vn\/wp-json\/wp\/v2\/pages\/6881"}],"collection":[{"href":"https:\/\/www.sixsensescondao.com\/vn\/wp-json\/wp\/v2\/pages"}],"about":[{"href":"https:\/\/www.sixsensescondao.com\/vn\/wp-json\/wp\/v2\/types\/page"}],"author":[{"embeddable":true,"href":"https:\/\/www.sixsensescondao.com\/vn\/wp-json\/wp\/v2\/users\/1"}],"replies":[{"embeddable":true,"href":"https:\/\/www.sixsensescondao.com\/vn\/wp-json\/wp\/v2\/comments?post=6881"}],"version-history":[{"count":0,"href":"https:\/\/www.sixsensescondao.com\/vn\/wp-json\/wp\/v2\/pages\/6881\/revisions"}],"wp:attachment":[{"href":"https:\/\/www.sixsensescondao.com\/vn\/wp-json\/wp\/v2\/media?parent=6881"}],"curies":[{"name":"wp","href":"https:\/\/api.w.org\/{rel}","templated":true}]}}