{"id":6039,"date":"2019-09-12T10:18:04","date_gmt":"2019-09-12T03:18:04","guid":{"rendered":"https:\/\/sixsensescondao.com\/tai-lieu-truyen-thong\/"},"modified":"2020-12-29T16:05:08","modified_gmt":"2020-12-29T09:05:08","slug":"media-kit","status":"publish","type":"page","link":"https:\/\/www.sixsensescondao.com\/vn\/media-kit\/","title":{"rendered":"T\u00e0i Li\u1ec7u Truy\u1ec1n Th\u00f4ng"},"content":{"rendered":"\t\t<div data-elementor-type=\"wp-post\" data-elementor-id=\"6039\" class=\"elementor elementor-6039 elementor-1346\" data-elementor-post-type=\"page\">\n\t\t\t\t\t\t<section class=\"elementor-section elementor-top-section elementor-element elementor-element-b61a5f7 elementor-section-stretched elementor-section-full_width inner_menu_container elementor-section-height-default elementor-section-height-default\" data-id=\"b61a5f7\" data-element_type=\"section\" data-settings=\"{&quot;stretch_section&quot;:&quot;section-stretched&quot;}\">\n\t\t\t\t\t\t<div class=\"elementor-container elementor-column-gap-no\">\n\t\t\t\t\t<div class=\"elementor-column elementor-col-100 elementor-top-column elementor-element elementor-element-05fb47a\" data-id=\"05fb47a\" data-element_type=\"column\">\n\t\t\t<div class=\"elementor-widget-wrap elementor-element-populated\">\n\t\t\t\t\t\t<div class=\"elementor-element elementor-element-9c3b165 elementor-widget elementor-widget-wp-widget-nav_menu\" data-id=\"9c3b165\" data-element_type=\"widget\" data-widget_type=\"wp-widget-nav_menu.default\">\n\t\t\t\t<div class=\"elementor-widget-container\">\n\t\t\t<div class=\"menu-media-center-menu-vn-container\"><ul id=\"menu-media-center-menu-vn\" class=\"menu\"><li id=\"menu-item-6099\" class=\"menu-item menu-item-type-post_type menu-item-object-page menu-item-6099\"><a href=\"https:\/\/www.sixsensescondao.com\/vn\/media-center\/\">Trung T\u00e2m Truy\u1ec1n Th\u00f4ng<\/a><\/li>\n<li id=\"menu-item-6100\" class=\"menu-item menu-item-type-post_type menu-item-object-page menu-item-6100\"><a href=\"https:\/\/www.sixsensescondao.com\/vn\/press-releases\/\">Th\u00f4ng C\u00e1o B\u00e1o Ch\u00ed<\/a><\/li>\n<li id=\"menu-item-6101\" class=\"menu-item menu-item-type-post_type menu-item-object-page menu-item-6101\"><a href=\"https:\/\/www.sixsensescondao.com\/vn\/media-kit\/\">T\u00e0i Li\u1ec7u Truy\u1ec1n Th\u00f4ng<\/a><\/li>\n<li id=\"menu-item-14302\" class=\"menu-item menu-item-type-post_type menu-item-object-page menu-item-14302\"><a href=\"https:\/\/www.sixsensescondao.com\/vn\/blog\/\">Blog<\/a><\/li>\n<\/ul><\/div>\t\t<\/div>\n\t\t\t\t<\/div>\n\t\t\t\t\t<\/div>\n\t\t<\/div>\n\t\t\t\t\t<\/div>\n\t\t<\/section>\n\t\t\t\t<section class=\"elementor-section elementor-top-section elementor-element elementor-element-2bff46f0 elementor-section-stretched elementor-section-full_width container_fullwidth elementor-section-height-default elementor-section-height-default\" data-id=\"2bff46f0\" data-element_type=\"section\" data-settings=\"{&quot;stretch_section&quot;:&quot;section-stretched&quot;}\">\n\t\t\t\t\t\t<div class=\"elementor-container elementor-column-gap-no\">\n\t\t\t\t\t<div class=\"elementor-column elementor-col-100 elementor-top-column elementor-element elementor-element-6b41d4e1\" data-id=\"6b41d4e1\" data-element_type=\"column\">\n\t\t\t<div class=\"elementor-widget-wrap elementor-element-populated\">\n\t\t\t\t\t\t<div class=\"elementor-section elementor-inner-section elementor-element elementor-element-7040b06a elementor-section-full_width elementor-section-height-default elementor-section-height-default\" data-id=\"7040b06a\" data-element_type=\"section\">\n\t\t\t\t\t\t<div class=\"elementor-container elementor-column-gap-no\">\n\t\t\t\t\t<div class=\"elementor-column elementor-col-100 elementor-inner-column elementor-element elementor-element-5f4b76e1\" data-id=\"5f4b76e1\" data-element_type=\"column\">\n\t\t\t<div class=\"elementor-widget-wrap elementor-element-populated\">\n\t\t\t\t\t\t<div class=\"elementor-element elementor-element-4d4c2647 subtitle elementor-widget elementor-widget-heading\" data-id=\"4d4c2647\" data-element_type=\"widget\" data-widget_type=\"heading.default\">\n\t\t\t\t<div class=\"elementor-widget-container\">\n\t\t\t<h3 class=\"elementor-heading-title elementor-size-default\">Six Senses C\u00f4n \u0110\u1ea3o<\/h3>\t\t<\/div>\n\t\t\t\t<\/div>\n\t\t\t\t<div class=\"elementor-element elementor-element-30496a6 list_container elementor-icon-list--layout-traditional elementor-list-item-link-full_width elementor-widget elementor-widget-icon-list\" data-id=\"30496a6\" data-element_type=\"widget\" data-widget_type=\"icon-list.default\">\n\t\t\t\t<div class=\"elementor-widget-container\">\n\t\t\t\t\t<ul class=\"elementor-icon-list-items\">\n\t\t\t\t\t\t\t<li class=\"elementor-icon-list-item\">\n\t\t\t\t\t\t\t\t\t\t\t<a href=\"http:\/\/sixsensescondao.com\/wp-content\/uploads\/2020\/12\/SSCD-Backgrounder.pdf\">\n\n\t\t\t\t\t\t\t\t\t\t\t\t<span class=\"elementor-icon-list-icon\">\n\t\t\t\t\t\t\t<svg xmlns=\"http:\/\/www.w3.org\/2000\/svg\" viewBox=\"0 0 19 10\"><path d=\"m13.74 9.9a2.09 2.09 0 0 1 .32-2.9l.3-.3a9.45 9.45 0 0 0 .9-1 1.33 1.33 0 0 0 -.11-2c-.17-.09-.35-.16-.53-.24a5.37 5.37 0 0 1 -1.09-.59 3.71 3.71 0 0 1 -1.26-1.38 1 1 0 0 1 .11-1 .88.88 0 0 1 .73-.39 1.13 1.13 0 0 1 .44.1 41.32 41.32 0 0 1 4.53 2.51 1.08 1.08 0 0 1 .34 1.43l-.07.19a4.45 4.45 0 0 1 -.39.82 23.76 23.76 0 0 1 -4.22 4.75\"><\/path><path d=\"m1.24 5.78h-.54-.24a2.13 2.13 0 0 1 1.54-1.35l.67-.19a13.88 13.88 0 0 1 3.71-.7c2.09 0 4.16.2 6.16.39l2.21.19c-.23 1-1 1.27-2.25 1.32-.48 0-1 0-1.46 0a18 18 0 0 1 -2.32-.13 16.18 16.18 0 0 0 -2.16-.11 27.46 27.46 0 0 0 -5 .56 1.32 1.32 0 0 1 -.28 0\"><\/path><\/svg>\t\t\t\t\t\t<\/span>\n\t\t\t\t\t\t\t\t\t\t<span class=\"elementor-icon-list-text\">Six Senses Con Dao - Backgrounder<\/span>\n\t\t\t\t\t\t\t\t\t\t\t<\/a>\n\t\t\t\t\t\t\t\t\t<\/li>\n\t\t\t\t\t\t\t\t<li class=\"elementor-icon-list-item\">\n\t\t\t\t\t\t\t\t\t\t\t<a href=\"http:\/\/sixsensescondao.com\/wp-content\/uploads\/2020\/12\/SSCD-Dining.pdf\">\n\n\t\t\t\t\t\t\t\t\t\t\t\t<span class=\"elementor-icon-list-icon\">\n\t\t\t\t\t\t\t<svg xmlns=\"http:\/\/www.w3.org\/2000\/svg\" viewBox=\"0 0 19 10\"><path d=\"m13.74 9.9a2.09 2.09 0 0 1 .32-2.9l.3-.3a9.45 9.45 0 0 0 .9-1 1.33 1.33 0 0 0 -.11-2c-.17-.09-.35-.16-.53-.24a5.37 5.37 0 0 1 -1.09-.59 3.71 3.71 0 0 1 -1.26-1.38 1 1 0 0 1 .11-1 .88.88 0 0 1 .73-.39 1.13 1.13 0 0 1 .44.1 41.32 41.32 0 0 1 4.53 2.51 1.08 1.08 0 0 1 .34 1.43l-.07.19a4.45 4.45 0 0 1 -.39.82 23.76 23.76 0 0 1 -4.22 4.75\"><\/path><path d=\"m1.24 5.78h-.54-.24a2.13 2.13 0 0 1 1.54-1.35l.67-.19a13.88 13.88 0 0 1 3.71-.7c2.09 0 4.16.2 6.16.39l2.21.19c-.23 1-1 1.27-2.25 1.32-.48 0-1 0-1.46 0a18 18 0 0 1 -2.32-.13 16.18 16.18 0 0 0 -2.16-.11 27.46 27.46 0 0 0 -5 .56 1.32 1.32 0 0 1 -.28 0\"><\/path><\/svg>\t\t\t\t\t\t<\/span>\n\t\t\t\t\t\t\t\t\t\t<span class=\"elementor-icon-list-text\">Six Senses Con Dao - Dining<\/span>\n\t\t\t\t\t\t\t\t\t\t\t<\/a>\n\t\t\t\t\t\t\t\t\t<\/li>\n\t\t\t\t\t\t\t\t<li class=\"elementor-icon-list-item\">\n\t\t\t\t\t\t\t\t\t\t\t<a href=\"http:\/\/sixsensescondao.com\/wp-content\/uploads\/2020\/12\/SSCD-Local-Activities-Excursions-Cultures.pdf\">\n\n\t\t\t\t\t\t\t\t\t\t\t\t<span class=\"elementor-icon-list-icon\">\n\t\t\t\t\t\t\t<svg xmlns=\"http:\/\/www.w3.org\/2000\/svg\" viewBox=\"0 0 19 10\"><path d=\"m13.74 9.9a2.09 2.09 0 0 1 .32-2.9l.3-.3a9.45 9.45 0 0 0 .9-1 1.33 1.33 0 0 0 -.11-2c-.17-.09-.35-.16-.53-.24a5.37 5.37 0 0 1 -1.09-.59 3.71 3.71 0 0 1 -1.26-1.38 1 1 0 0 1 .11-1 .88.88 0 0 1 .73-.39 1.13 1.13 0 0 1 .44.1 41.32 41.32 0 0 1 4.53 2.51 1.08 1.08 0 0 1 .34 1.43l-.07.19a4.45 4.45 0 0 1 -.39.82 23.76 23.76 0 0 1 -4.22 4.75\"><\/path><path d=\"m1.24 5.78h-.54-.24a2.13 2.13 0 0 1 1.54-1.35l.67-.19a13.88 13.88 0 0 1 3.71-.7c2.09 0 4.16.2 6.16.39l2.21.19c-.23 1-1 1.27-2.25 1.32-.48 0-1 0-1.46 0a18 18 0 0 1 -2.32-.13 16.18 16.18 0 0 0 -2.16-.11 27.46 27.46 0 0 0 -5 .56 1.32 1.32 0 0 1 -.28 0\"><\/path><\/svg>\t\t\t\t\t\t<\/span>\n\t\t\t\t\t\t\t\t\t\t<span class=\"elementor-icon-list-text\">Six Senses Con Dao - Local activities, excursions and culture<\/span>\n\t\t\t\t\t\t\t\t\t\t\t<\/a>\n\t\t\t\t\t\t\t\t\t<\/li>\n\t\t\t\t\t\t\t\t<li class=\"elementor-icon-list-item\">\n\t\t\t\t\t\t\t\t\t\t\t<a href=\"http:\/\/sixsensescondao.com\/wp-content\/uploads\/2020\/12\/SSCD-Spa-and-Wellness.pdf\">\n\n\t\t\t\t\t\t\t\t\t\t\t\t<span class=\"elementor-icon-list-icon\">\n\t\t\t\t\t\t\t<svg xmlns=\"http:\/\/www.w3.org\/2000\/svg\" viewBox=\"0 0 19 10\"><path d=\"m13.74 9.9a2.09 2.09 0 0 1 .32-2.9l.3-.3a9.45 9.45 0 0 0 .9-1 1.33 1.33 0 0 0 -.11-2c-.17-.09-.35-.16-.53-.24a5.37 5.37 0 0 1 -1.09-.59 3.71 3.71 0 0 1 -1.26-1.38 1 1 0 0 1 .11-1 .88.88 0 0 1 .73-.39 1.13 1.13 0 0 1 .44.1 41.32 41.32 0 0 1 4.53 2.51 1.08 1.08 0 0 1 .34 1.43l-.07.19a4.45 4.45 0 0 1 -.39.82 23.76 23.76 0 0 1 -4.22 4.75\"><\/path><path d=\"m1.24 5.78h-.54-.24a2.13 2.13 0 0 1 1.54-1.35l.67-.19a13.88 13.88 0 0 1 3.71-.7c2.09 0 4.16.2 6.16.39l2.21.19c-.23 1-1 1.27-2.25 1.32-.48 0-1 0-1.46 0a18 18 0 0 1 -2.32-.13 16.18 16.18 0 0 0 -2.16-.11 27.46 27.46 0 0 0 -5 .56 1.32 1.32 0 0 1 -.28 0\"><\/path><\/svg>\t\t\t\t\t\t<\/span>\n\t\t\t\t\t\t\t\t\t\t<span class=\"elementor-icon-list-text\">Six Senses Con Dao - Spa and Wellness<\/span>\n\t\t\t\t\t\t\t\t\t\t\t<\/a>\n\t\t\t\t\t\t\t\t\t<\/li>\n\t\t\t\t\t\t\t\t<li class=\"elementor-icon-list-item\">\n\t\t\t\t\t\t\t\t\t\t\t<a href=\"http:\/\/sixsensescondao.com\/wp-content\/uploads\/2020\/12\/SSCD-Sustainability-and-Social-Undertakings_Final.pdf\">\n\n\t\t\t\t\t\t\t\t\t\t\t\t<span class=\"elementor-icon-list-icon\">\n\t\t\t\t\t\t\t<svg xmlns=\"http:\/\/www.w3.org\/2000\/svg\" viewBox=\"0 0 19 10\"><path d=\"m13.74 9.9a2.09 2.09 0 0 1 .32-2.9l.3-.3a9.45 9.45 0 0 0 .9-1 1.33 1.33 0 0 0 -.11-2c-.17-.09-.35-.16-.53-.24a5.37 5.37 0 0 1 -1.09-.59 3.71 3.71 0 0 1 -1.26-1.38 1 1 0 0 1 .11-1 .88.88 0 0 1 .73-.39 1.13 1.13 0 0 1 .44.1 41.32 41.32 0 0 1 4.53 2.51 1.08 1.08 0 0 1 .34 1.43l-.07.19a4.45 4.45 0 0 1 -.39.82 23.76 23.76 0 0 1 -4.22 4.75\"><\/path><path d=\"m1.24 5.78h-.54-.24a2.13 2.13 0 0 1 1.54-1.35l.67-.19a13.88 13.88 0 0 1 3.71-.7c2.09 0 4.16.2 6.16.39l2.21.19c-.23 1-1 1.27-2.25 1.32-.48 0-1 0-1.46 0a18 18 0 0 1 -2.32-.13 16.18 16.18 0 0 0 -2.16-.11 27.46 27.46 0 0 0 -5 .56 1.32 1.32 0 0 1 -.28 0\"><\/path><\/svg>\t\t\t\t\t\t<\/span>\n\t\t\t\t\t\t\t\t\t\t<span class=\"elementor-icon-list-text\">Six Senses Con Dao - Sustainability and Social Undertakings<\/span>\n\t\t\t\t\t\t\t\t\t\t\t<\/a>\n\t\t\t\t\t\t\t\t\t<\/li>\n\t\t\t\t\t\t<\/ul>\n\t\t\t\t<\/div>\n\t\t\t\t<\/div>\n\t\t\t\t\t<\/div>\n\t\t<\/div>\n\t\t\t\t\t<\/div>\n\t\t<\/div>\n\t\t\t\t\t<\/div>\n\t\t<\/div>\n\t\t\t\t\t<\/div>\n\t\t<\/section>\n\t\t\t\t<\/div>\n\t\t","protected":false},"excerpt":{"rendered":"<p>Six Senses C\u00f4n \u0110\u1ea3o Six Senses Con Dao &#8211; Backgrounder Six Senses Con Dao &#8211; Dining Six Senses Con Dao &#8211; Local activities, excursions and culture Six Senses Con Dao &#8211; Spa and Wellness Six Senses Con Dao &#8211; Sustainability and Social Undertakings<\/p>\n","protected":false},"author":1,"featured_media":0,"parent":0,"menu_order":0,"comment_status":"closed","ping_status":"closed","template":"active-header.php","meta":{"_acf_changed":false,"om_disable_all_campaigns":false,"_monsterinsights_skip_tracking":false,"_monsterinsights_sitenote_active":false,"_monsterinsights_sitenote_note":"","_monsterinsights_sitenote_category":0,"footnotes":"","_links_to":"","_links_to_target":""},"acf":[],"yoast_head":"<!-- This site is optimized with the Yoast SEO plugin v22.0 - https:\/\/yoast.com\/wordpress\/plugins\/seo\/ -->\n<title>T\u00e0i Li\u1ec7u Truy\u1ec1n Th\u00f4ng - Six Senses Con Dao<\/title>\n<meta name=\"robots\" content=\"index, follow, max-snippet:-1, max-image-preview:large, max-video-preview:-1\" \/>\n<link rel=\"canonical\" href=\"https:\/\/www.sixsensescondao.com\/vn\/media-kit\/\" \/>\n<meta property=\"og:locale\" content=\"en_US\" \/>\n<meta property=\"og:type\" content=\"article\" \/>\n<meta property=\"og:title\" content=\"T\u00e0i Li\u1ec7u Truy\u1ec1n Th\u00f4ng - Six Senses Con Dao\" \/>\n<meta property=\"og:description\" content=\"Six Senses C\u00f4n \u0110\u1ea3o Six Senses Con Dao &#8211; Backgrounder Six Senses Con Dao &#8211; Dining Six Senses Con Dao &#8211; Local activities, excursions and culture Six Senses Con Dao &#8211; Spa and Wellness Six Senses Con Dao &#8211; Sustainability and Social Undertakings\" \/>\n<meta property=\"og:url\" content=\"https:\/\/www.sixsensescondao.com\/vn\/media-kit\/\" \/>\n<meta property=\"og:site_name\" content=\"Six Senses Con Dao\" \/>\n<meta property=\"article:publisher\" content=\"https:\/\/www.facebook.com\/SixSensesConDao\" \/>\n<meta property=\"article:modified_time\" content=\"2020-12-29T09:05:08+00:00\" \/>\n<meta property=\"og:image\" content=\"https:\/\/www.sixsensescondao.com\/wp-content\/uploads\/2020\/07\/Ocean_View_4_Bedroom_Pool_VIlla_3_6600-LARGE.jpg\" \/>\n\t<meta property=\"og:image:width\" content=\"1240\" \/>\n\t<meta property=\"og:image:height\" content=\"827\" \/>\n\t<meta property=\"og:image:type\" content=\"image\/jpeg\" \/>\n<meta name=\"twitter:card\" content=\"summary_large_image\" \/>\n<meta name=\"twitter:site\" content=\"@SixSensesConDao\" \/>\n<!-- \/ Yoast SEO plugin. -->","yoast_head_json":{"title":"T\u00e0i Li\u1ec7u Truy\u1ec1n Th\u00f4ng - Six Senses Con Dao","robots":{"index":"index","follow":"follow","max-snippet":"max-snippet:-1","max-image-preview":"max-image-preview:large","max-video-preview":"max-video-preview:-1"},"canonical":"https:\/\/www.sixsensescondao.com\/vn\/media-kit\/","og_locale":"en_US","og_type":"article","og_title":"T\u00e0i Li\u1ec7u Truy\u1ec1n Th\u00f4ng - Six Senses Con Dao","og_description":"Six Senses C\u00f4n \u0110\u1ea3o Six Senses Con Dao &#8211; Backgrounder Six Senses Con Dao &#8211; Dining Six Senses Con Dao &#8211; Local activities, excursions and culture Six Senses Con Dao &#8211; Spa and Wellness Six Senses Con Dao &#8211; Sustainability and Social Undertakings","og_url":"https:\/\/www.sixsensescondao.com\/vn\/media-kit\/","og_site_name":"Six Senses Con Dao","article_publisher":"https:\/\/www.facebook.com\/SixSensesConDao","article_modified_time":"2020-12-29T09:05:08+00:00","og_image":[{"width":1240,"height":827,"url":"https:\/\/www.sixsensescondao.com\/wp-content\/uploads\/2020\/07\/Ocean_View_4_Bedroom_Pool_VIlla_3_6600-LARGE.jpg","type":"image\/jpeg"}],"twitter_card":"summary_large_image","twitter_site":"@SixSensesConDao","schema":{"@context":"https:\/\/schema.org","@graph":[{"@type":"WebPage","@id":"https:\/\/www.sixsensescondao.com\/vn\/media-kit\/","url":"https:\/\/www.sixsensescondao.com\/vn\/media-kit\/","name":"T\u00e0i Li\u1ec7u Truy\u1ec1n Th\u00f4ng - Six Senses Con Dao","isPartOf":{"@id":"https:\/\/www.sixsensescondao.com\/#website"},"datePublished":"2019-09-12T03:18:04+00:00","dateModified":"2020-12-29T09:05:08+00:00","breadcrumb":{"@id":"https:\/\/www.sixsensescondao.com\/vn\/media-kit\/#breadcrumb"},"inLanguage":"vn","potentialAction":[{"@type":"ReadAction","target":["https:\/\/www.sixsensescondao.com\/vn\/media-kit\/"]}]},{"@type":"BreadcrumbList","@id":"https:\/\/www.sixsensescondao.com\/vn\/media-kit\/#breadcrumb","itemListElement":[{"@type":"ListItem","position":1,"name":"Home","item":"https:\/\/www.sixsensescondao.com\/"},{"@type":"ListItem","position":2,"name":"T\u00e0i Li\u1ec7u Truy\u1ec1n Th\u00f4ng"}]},{"@type":"WebSite","@id":"https:\/\/www.sixsensescondao.com\/#website","url":"https:\/\/www.sixsensescondao.com\/","name":"Six Senses Con Dao","description":"","publisher":{"@id":"https:\/\/www.sixsensescondao.com\/#organization"},"potentialAction":[{"@type":"SearchAction","target":{"@type":"EntryPoint","urlTemplate":"https:\/\/www.sixsensescondao.com\/?s={search_term_string}"},"query-input":"required name=search_term_string"}],"inLanguage":"vn"},{"@type":"Organization","@id":"https:\/\/www.sixsensescondao.com\/#organization","name":"Six Senses Con Dao","url":"https:\/\/www.sixsensescondao.com\/","logo":{"@type":"ImageObject","inLanguage":"vn","@id":"https:\/\/www.sixsensescondao.com\/#\/schema\/logo\/image\/","url":"https:\/\/www.sixsensescondao.com\/wp-content\/uploads\/2020\/07\/SSCD-mau-tim.png","contentUrl":"https:\/\/www.sixsensescondao.com\/wp-content\/uploads\/2020\/07\/SSCD-mau-tim.png","width":1772,"height":1772,"caption":"Six Senses Con Dao"},"image":{"@id":"https:\/\/www.sixsensescondao.com\/#\/schema\/logo\/image\/"},"sameAs":["https:\/\/www.facebook.com\/SixSensesConDao","https:\/\/twitter.com\/SixSensesConDao","https:\/\/www.instagram.com\/sixsensescondao\/","https:\/\/www.linkedin.com\/company\/six-senses-con-dao","https:\/\/www.pinterest.com\/sixsensescondao\/","https:\/\/www.youtube.com\/channel\/UCRQWMAX_rQJnQkhTI810TNA"]}]}},"_links":{"self":[{"href":"https:\/\/www.sixsensescondao.com\/vn\/wp-json\/wp\/v2\/pages\/6039"}],"collection":[{"href":"https:\/\/www.sixsensescondao.com\/vn\/wp-json\/wp\/v2\/pages"}],"about":[{"href":"https:\/\/www.sixsensescondao.com\/vn\/wp-json\/wp\/v2\/types\/page"}],"author":[{"embeddable":true,"href":"https:\/\/www.sixsensescondao.com\/vn\/wp-json\/wp\/v2\/users\/1"}],"replies":[{"embeddable":true,"href":"https:\/\/www.sixsensescondao.com\/vn\/wp-json\/wp\/v2\/comments?post=6039"}],"version-history":[{"count":0,"href":"https:\/\/www.sixsensescondao.com\/vn\/wp-json\/wp\/v2\/pages\/6039\/revisions"}],"wp:attachment":[{"href":"https:\/\/www.sixsensescondao.com\/vn\/wp-json\/wp\/v2\/media?parent=6039"}],"curies":[{"name":"wp","href":"https:\/\/api.w.org\/{rel}","templated":true}]}}