{"id":6020,"date":"2019-09-12T10:11:10","date_gmt":"2019-09-12T03:11:10","guid":{"rendered":"https:\/\/sixsensescondao.com\/careers\/"},"modified":"2019-10-25T11:08:32","modified_gmt":"2019-10-25T04:08:32","slug":"careers","status":"publish","type":"page","link":"https:\/\/www.sixsensescondao.com\/vn\/careers\/","title":{"rendered":"C\u01a1 h\u1ed9i ngh\u1ec1 nghi\u1ec7p"},"content":{"rendered":"\t\t<div data-elementor-type=\"wp-post\" data-elementor-id=\"6020\" class=\"elementor elementor-6020 elementor-398\" data-elementor-post-type=\"page\">\n\t\t\t\t\t\t<section class=\"elementor-section elementor-top-section elementor-element elementor-element-2d62f51 elementor-section-stretched elementor-section-full_width elementor-section-content-middle elementor-section-height-default elementor-section-height-default\" data-id=\"2d62f51\" data-element_type=\"section\" data-settings=\"{&quot;stretch_section&quot;:&quot;section-stretched&quot;}\">\n\t\t\t\t\t\t<div class=\"elementor-container elementor-column-gap-no\">\n\t\t\t\t\t<div class=\"elementor-column elementor-col-100 elementor-top-column elementor-element elementor-element-7a8be1d2\" data-id=\"7a8be1d2\" data-element_type=\"column\" data-settings=\"{&quot;background_background&quot;:&quot;classic&quot;}\">\n\t\t\t<div class=\"elementor-widget-wrap elementor-element-populated\">\n\t\t\t\t\t\t<div class=\"elementor-section elementor-inner-section elementor-element elementor-element-5cca9d57 elementor-section-full_width elementor-reverse-mobile elementor-section-height-default elementor-section-height-default\" data-id=\"5cca9d57\" data-element_type=\"section\">\n\t\t\t\t\t\t<div class=\"elementor-container elementor-column-gap-default\">\n\t\t\t\t\t<div class=\"elementor-column elementor-col-50 elementor-inner-column elementor-element elementor-element-75c0ab37 content_box\" data-id=\"75c0ab37\" data-element_type=\"column\" data-settings=\"{&quot;motion_fx_motion_fx_scrolling&quot;:&quot;yes&quot;,&quot;motion_fx_translateY_effect&quot;:&quot;yes&quot;,&quot;motion_fx_translateY_speed&quot;:{&quot;unit&quot;:&quot;px&quot;,&quot;size&quot;:2,&quot;sizes&quot;:[]},&quot;motion_fx_devices&quot;:[&quot;desktop&quot;],&quot;motion_fx_translateY_affectedRange&quot;:{&quot;unit&quot;:&quot;%&quot;,&quot;size&quot;:&quot;&quot;,&quot;sizes&quot;:{&quot;start&quot;:0,&quot;end&quot;:100}}}\">\n\t\t\t<div class=\"elementor-widget-wrap elementor-element-populated\">\n\t\t\t\t\t\t<div class=\"elementor-element elementor-element-34576f3a no_margin elementor-widget elementor-widget-heading\" data-id=\"34576f3a\" data-element_type=\"widget\" data-widget_type=\"heading.default\">\n\t\t\t\t<div class=\"elementor-widget-container\">\n\t\t\t<h3 class=\"elementor-heading-title elementor-size-default\">Six Senses C\u00f4n \u0110\u1ea3o<\/h3>\t\t<\/div>\n\t\t\t\t<\/div>\n\t\t\t\t<div class=\"elementor-element elementor-element-a2e1141 elementor-widget elementor-widget-heading\" data-id=\"a2e1141\" data-element_type=\"widget\" data-widget_type=\"heading.default\">\n\t\t\t\t<div class=\"elementor-widget-container\">\n\t\t\t<h1 class=\"elementor-heading-title elementor-size-default\">Ph\u00e1t tri\u1ec3n s\u1ef1 nghi\u1ec7p t\u1ea1i Six Senses C\u00f4n \u0110\u1ea3o<\/h1>\t\t<\/div>\n\t\t\t\t<\/div>\n\t\t\t\t<div class=\"elementor-element elementor-element-4fd2768d elementor-widget elementor-widget-text-editor\" data-id=\"4fd2768d\" data-element_type=\"widget\" data-widget_type=\"text-editor.default\">\n\t\t\t\t<div class=\"elementor-widget-container\">\n\t\t\t\t\t\t\t<p><strong>Vi\u1ec7c ph\u00e1t tri\u1ec3n nh\u00e2n s\u1ef1 l\u00e0 tr\u1ecdng t\u00e2m h\u00e0ng \u0111\u1ea7u c\u1ee7a Six Senses. T\u1ea1i \u0111\u00e2y, m\u1ed7i c\u00e1 nh\u00e2n \u0111\u01b0\u1ee3c t\u1ea1o \u0111i\u1ec1u ki\u1ec7n t\u1ed1i \u0111a \u0111\u1ec3 ph\u00e1t huy m\u1ecdi n\u0103ng l\u1ef1c b\u1ea3n th\u00e2n, t\u1eeb \u0111\u00f3 \u0111\u1ea1t \u0111\u01b0\u1ee3c kh\u00e1t v\u1ecdng m\u00e0 ch\u00ednh b\u1ea3n th\u00e2n h\u1ecd, gia \u0111\u00ecnh v\u00e0 nh\u1eefng ng\u01b0\u1eddi th\u00e2n y\u00eau h\u01b0\u1edbng \u0111\u1ebfn. Ch\u00fang t\u00f4i t\u1ef1 tin c\u00f3 \u0111\u1ee7 kh\u1ea3 n\u0103ng gi\u00fap c\u00e1c th\u00e0nh vi\u00ean trong gia \u0111\u00ecnh Six Senses c\u00f3 th\u1ec3 s\u1ea3i c\u00e1nh tung bay nh\u01b0 nh\u1eefng ch\u00fa \u0111\u1ea1i b\u00e0ng m\u1ea1nh m\u1ebd.<\/strong><\/p>\n\t\t\t\t\t\t<\/div>\n\t\t\t\t<\/div>\n\t\t\t\t<div class=\"elementor-element elementor-element-c622c0c elementor-widget elementor-widget-text-editor\" data-id=\"c622c0c\" data-element_type=\"widget\" data-widget_type=\"text-editor.default\">\n\t\t\t\t<div class=\"elementor-widget-container\">\n\t\t\t\t\t\t\t<p>\u0110\u00e2y c\u0169ng l\u00e0 c\u00e1ch m\u00e0 Six Senses th\u1ec3 hi\u1ec7n \u0111\u01b0\u1ee3c gi\u00e1 tr\u1ecb c\u1ed1t l\u00f5i c\u1ee7a m\u00ecnh, \u0111\u1ed3ng th\u1eddi gi\u00fap ch\u00fang t\u00f4i th\u00e0nh c\u00f4ng h\u01a1n trong vi\u1ec7c g\u00e2y d\u1ef1ng m\u1ed9t \u0111\u1ed9i ng\u0169 nh\u00e2n vi\u00ean trung th\u00e0nh. Ch\u00fang t\u00f4i tin r\u1eb1ng, to\u00e0n b\u1ed9 \u0111\u1ed9i ng\u0169 nh\u00e2n vi\u00ean s\u1ebd \u0111\u01b0\u1ee3c truy\u1ec1n c\u1ea3m h\u1ee9ng v\u00e0 mang l\u1ea1i nhi\u1ec1u ni\u1ec1m vui v\u00e0 s\u1ef1 g\u1eafn k\u1ebft trong c\u00f4ng vi\u1ec7c. T\u1eeb \u0111\u00f3 c\u00f3 th\u1ec3 \u0111\u1ea3m b\u1ea3o s\u1ef1 h\u00e0i l\u00f2ng v\u00e0 th\u1ecfa m\u00e3n tuy\u1ec7t \u0111\u1ed1i c\u1ee7a du kh\u00e1ch khi \u0111\u1ebfn v\u1edbi Six Senses, \u0111\u1ec3 du kh\u00e1ch lu\u00f4n c\u1ea3m nh\u1eadn \u0111\u01b0\u1ee3c ngu\u1ed3n n\u0103ng l\u01b0\u1ee3ng t\u00edch c\u1ef1c lan t\u1ecfa t\u1eeb b\u00ean trong l\u1eabn b\u00ean ngo\u00e0i.<\/p>\n<p>\u0110\u00f3 l\u00e0 nh\u1eefng gi\u00e1 tr\u1ecb c\u1ed1t l\u00f5i v\u00e0 s\u1ee9 m\u1ec7nh cao c\u1ea3 m\u00e0 th\u01b0\u01a1ng hi\u1ec7u Six Senses h\u01b0\u1edbng \u0111\u1ebfn. \u0110\u00e2y l\u00e0 m\u1ed9t ngh\u0129a v\u1ee5 l\u1edbn lao v\u00e0 l\u00e0 tr\u00e1ch nhi\u1ec7m chung c\u1ee7a t\u1ea5t c\u1ea3 m\u1ecdi th\u00e0nh vi\u00ean t\u1ea1i \u0111\u00e2y.<\/p>\n<p>Ch\u1ec9 c\u1ea7n l\u00e0m \u0111\u01b0\u1ee3c \u0111i\u1ec1u n\u00e0y, ch\u00fang ta s\u1ebd th\u00e0nh c\u00f4ng v\u1ec1 m\u1ecdi m\u1eb7t.<\/p>\n<p>Neil Jacobs<br \/>\nGi\u00e1m \u0111\u1ed1c \u0110i\u1ec1u h\u00e0nh<br \/>\nSix Senses Hotels Resorts Spas<\/p>\n\t\t\t\t\t\t<\/div>\n\t\t\t\t<\/div>\n\t\t\t\t\t<\/div>\n\t\t<\/div>\n\t\t\t\t<div class=\"elementor-column elementor-col-50 elementor-inner-column elementor-element elementor-element-4b47a895 image_bg\" data-id=\"4b47a895\" data-element_type=\"column\" data-settings=\"{&quot;background_background&quot;:&quot;classic&quot;}\">\n\t\t\t<div class=\"elementor-widget-wrap elementor-element-populated\">\n\t\t\t\t\t\t<div class=\"elementor-element elementor-element-7b6b1ad0 elementor-widget elementor-widget-text-editor\" data-id=\"7b6b1ad0\" data-element_type=\"widget\" data-widget_type=\"text-editor.default\">\n\t\t\t\t<div class=\"elementor-widget-container\">\n\t\t\t\t\t\t\t\t\t\t\t\t\t<\/div>\n\t\t\t\t<\/div>\n\t\t\t\t\t<\/div>\n\t\t<\/div>\n\t\t\t\t\t<\/div>\n\t\t<\/div>\n\t\t\t\t\t<\/div>\n\t\t<\/div>\n\t\t\t\t\t<\/div>\n\t\t<\/section>\n\t\t\t\t<section class=\"elementor-section elementor-top-section elementor-element elementor-element-3193e49 elementor-section-stretched elementor-section-full_width container_fullwidth hidden elementor-section-height-default elementor-section-height-default\" data-id=\"3193e49\" data-element_type=\"section\" data-settings=\"{&quot;stretch_section&quot;:&quot;section-stretched&quot;}\">\n\t\t\t\t\t\t<div class=\"elementor-container elementor-column-gap-no\">\n\t\t\t\t\t<div class=\"elementor-column elementor-col-100 elementor-top-column elementor-element elementor-element-341a36e\" data-id=\"341a36e\" data-element_type=\"column\">\n\t\t\t<div class=\"elementor-widget-wrap elementor-element-populated\">\n\t\t\t\t\t\t<div class=\"elementor-element elementor-element-8984a1e elementor-widget elementor-widget-heading\" data-id=\"8984a1e\" data-element_type=\"widget\" data-widget_type=\"heading.default\">\n\t\t\t\t<div class=\"elementor-widget-container\">\n\t\t\t<h1 class=\"elementor-heading-title elementor-size-default\">Jobs Openings<\/h1>\t\t<\/div>\n\t\t\t\t<\/div>\n\t\t\t\t<div class=\"elementor-element elementor-element-0711dec elementor-widget elementor-widget-shortcode\" data-id=\"0711dec\" data-element_type=\"widget\" data-widget_type=\"shortcode.default\">\n\t\t\t\t<div class=\"elementor-widget-container\">\n\t\t\t\t\t<div class=\"elementor-shortcode\">    <div class=\"job_container\">\n        <table class=\"table\">\n            <thead>\n            <tr>\n                <th scope=\"col\">ch\u1ee9c v\u1ee5<\/th>\n                <th scope=\"col\">B\u1ed9 ph\u1eadn<\/th>\n                <th scope=\"col\">N\u01a1i l\u00e0m vi\u1ec7c<\/th>\n                <th scope=\"col\">Lo\u1ea1i<\/th>\n                <th scope=\"col\"><\/th>\n            <\/tr>\n            <\/thead>\n            <tbody>\n                        <\/tbody>\n        <\/table>\n    <\/div>\n    <\/div>\n\t\t\t\t<\/div>\n\t\t\t\t<\/div>\n\t\t\t\t\t<\/div>\n\t\t<\/div>\n\t\t\t\t\t<\/div>\n\t\t<\/section>\n\t\t\t\t<\/div>\n\t\t","protected":false},"excerpt":{"rendered":"<p>Six Senses C\u00f4n \u0110\u1ea3o Ph\u00e1t tri\u1ec3n s\u1ef1 nghi\u1ec7p t\u1ea1i Six Senses C\u00f4n \u0110\u1ea3o Vi\u1ec7c ph\u00e1t tri\u1ec3n nh\u00e2n s\u1ef1 l\u00e0 tr\u1ecdng t\u00e2m h\u00e0ng \u0111\u1ea7u c\u1ee7a Six Senses. T\u1ea1i \u0111\u00e2y, m\u1ed7i c\u00e1 nh\u00e2n \u0111\u01b0\u1ee3c t\u1ea1o \u0111i\u1ec1u ki\u1ec7n t\u1ed1i \u0111a \u0111\u1ec3 ph\u00e1t huy m\u1ecdi n\u0103ng l\u1ef1c b\u1ea3n th\u00e2n, t\u1eeb \u0111\u00f3 \u0111\u1ea1t \u0111\u01b0\u1ee3c kh\u00e1t v\u1ecdng m\u00e0 ch\u00ednh b\u1ea3n th\u00e2n &hellip; <\/p>\n<p class=\"link-more\"><a href=\"https:\/\/www.sixsensescondao.com\/vn\/careers\/\" class=\"more-link\">Continue reading<span class=\"screen-reader-text\"> &#8220;C\u01a1 h\u1ed9i ngh\u1ec1 nghi\u1ec7p&#8221;<\/span><\/a><\/p>\n","protected":false},"author":1,"featured_media":0,"parent":0,"menu_order":0,"comment_status":"closed","ping_status":"closed","template":"active-header.php","meta":{"_acf_changed":false,"om_disable_all_campaigns":false,"_monsterinsights_skip_tracking":false,"_monsterinsights_sitenote_active":false,"_monsterinsights_sitenote_note":"","_monsterinsights_sitenote_category":0,"footnotes":"","_links_to":"","_links_to_target":""},"acf":[],"yoast_head":"<!-- This site is optimized with the Yoast SEO plugin v22.0 - https:\/\/yoast.com\/wordpress\/plugins\/seo\/ -->\n<title>Six Senses C\u00f4n \u0110\u1ea3o | C\u01a1 H\u1ed9i Ngh\u1ec1 Nghi\u1ec7p T\u1ea1i Vi\u1ec7t Nam<\/title>\n<meta name=\"description\" content=\"Kh\u00e1m ph\u00e1 c\u01a1 h\u1ed9i vi\u1ec7c l\u00e0m c\u00f9ng Six Senses C\u00f4n \u0110\u1ea3o. T\u00ecm hi\u1ec3u th\u00eam.\" \/>\n<meta name=\"robots\" content=\"index, follow, max-snippet:-1, max-image-preview:large, max-video-preview:-1\" \/>\n<link rel=\"canonical\" href=\"https:\/\/www.sixsensescondao.com\/vn\/careers\/\" \/>\n<meta property=\"og:locale\" content=\"en_US\" \/>\n<meta property=\"og:type\" content=\"article\" \/>\n<meta property=\"og:title\" content=\"Six Senses C\u00f4n \u0110\u1ea3o | C\u01a1 H\u1ed9i Ngh\u1ec1 Nghi\u1ec7p T\u1ea1i Vi\u1ec7t Nam\" \/>\n<meta property=\"og:description\" content=\"Kh\u00e1m ph\u00e1 c\u01a1 h\u1ed9i vi\u1ec7c l\u00e0m c\u00f9ng Six Senses C\u00f4n \u0110\u1ea3o. T\u00ecm hi\u1ec3u th\u00eam.\" \/>\n<meta property=\"og:url\" content=\"https:\/\/www.sixsensescondao.com\/vn\/careers\/\" \/>\n<meta property=\"og:site_name\" content=\"Six Senses Con Dao\" \/>\n<meta property=\"article:publisher\" content=\"https:\/\/www.facebook.com\/SixSensesConDao\" \/>\n<meta property=\"article:modified_time\" content=\"2019-10-25T04:08:32+00:00\" \/>\n<meta property=\"og:image\" content=\"https:\/\/www.sixsensescondao.com\/wp-content\/uploads\/2020\/07\/Ocean_View_4_Bedroom_Pool_VIlla_3_6600-LARGE.jpg\" \/>\n\t<meta property=\"og:image:width\" content=\"1240\" \/>\n\t<meta property=\"og:image:height\" content=\"827\" \/>\n\t<meta property=\"og:image:type\" content=\"image\/jpeg\" \/>\n<meta name=\"twitter:card\" content=\"summary_large_image\" \/>\n<meta name=\"twitter:site\" content=\"@SixSensesConDao\" \/>\n<meta name=\"twitter:label1\" content=\"Est. reading time\" \/>\n\t<meta name=\"twitter:data1\" content=\"2 minutes\" \/>\n<!-- \/ Yoast SEO plugin. -->","yoast_head_json":{"title":"Six Senses C\u00f4n \u0110\u1ea3o | C\u01a1 H\u1ed9i Ngh\u1ec1 Nghi\u1ec7p T\u1ea1i Vi\u1ec7t Nam","description":"Kh\u00e1m ph\u00e1 c\u01a1 h\u1ed9i vi\u1ec7c l\u00e0m c\u00f9ng Six Senses C\u00f4n \u0110\u1ea3o. T\u00ecm hi\u1ec3u th\u00eam.","robots":{"index":"index","follow":"follow","max-snippet":"max-snippet:-1","max-image-preview":"max-image-preview:large","max-video-preview":"max-video-preview:-1"},"canonical":"https:\/\/www.sixsensescondao.com\/vn\/careers\/","og_locale":"en_US","og_type":"article","og_title":"Six Senses C\u00f4n \u0110\u1ea3o | C\u01a1 H\u1ed9i Ngh\u1ec1 Nghi\u1ec7p T\u1ea1i Vi\u1ec7t Nam","og_description":"Kh\u00e1m ph\u00e1 c\u01a1 h\u1ed9i vi\u1ec7c l\u00e0m c\u00f9ng Six Senses C\u00f4n \u0110\u1ea3o. T\u00ecm hi\u1ec3u th\u00eam.","og_url":"https:\/\/www.sixsensescondao.com\/vn\/careers\/","og_site_name":"Six Senses Con Dao","article_publisher":"https:\/\/www.facebook.com\/SixSensesConDao","article_modified_time":"2019-10-25T04:08:32+00:00","og_image":[{"width":1240,"height":827,"url":"https:\/\/www.sixsensescondao.com\/wp-content\/uploads\/2020\/07\/Ocean_View_4_Bedroom_Pool_VIlla_3_6600-LARGE.jpg","type":"image\/jpeg"}],"twitter_card":"summary_large_image","twitter_site":"@SixSensesConDao","twitter_misc":{"Est. reading time":"2 minutes"},"schema":{"@context":"https:\/\/schema.org","@graph":[{"@type":"WebPage","@id":"https:\/\/www.sixsensescondao.com\/vn\/careers\/","url":"https:\/\/www.sixsensescondao.com\/vn\/careers\/","name":"Six Senses C\u00f4n \u0110\u1ea3o | C\u01a1 H\u1ed9i Ngh\u1ec1 Nghi\u1ec7p T\u1ea1i Vi\u1ec7t Nam","isPartOf":{"@id":"https:\/\/www.sixsensescondao.com\/#website"},"datePublished":"2019-09-12T03:11:10+00:00","dateModified":"2019-10-25T04:08:32+00:00","description":"Kh\u00e1m ph\u00e1 c\u01a1 h\u1ed9i vi\u1ec7c l\u00e0m c\u00f9ng Six Senses C\u00f4n \u0110\u1ea3o. T\u00ecm hi\u1ec3u th\u00eam.","breadcrumb":{"@id":"https:\/\/www.sixsensescondao.com\/vn\/careers\/#breadcrumb"},"inLanguage":"vn","potentialAction":[{"@type":"ReadAction","target":["https:\/\/www.sixsensescondao.com\/vn\/careers\/"]}]},{"@type":"BreadcrumbList","@id":"https:\/\/www.sixsensescondao.com\/vn\/careers\/#breadcrumb","itemListElement":[{"@type":"ListItem","position":1,"name":"Home","item":"https:\/\/www.sixsensescondao.com\/"},{"@type":"ListItem","position":2,"name":"C\u01a1 h\u1ed9i ngh\u1ec1 nghi\u1ec7p"}]},{"@type":"WebSite","@id":"https:\/\/www.sixsensescondao.com\/#website","url":"https:\/\/www.sixsensescondao.com\/","name":"Six Senses Con Dao","description":"","publisher":{"@id":"https:\/\/www.sixsensescondao.com\/#organization"},"potentialAction":[{"@type":"SearchAction","target":{"@type":"EntryPoint","urlTemplate":"https:\/\/www.sixsensescondao.com\/?s={search_term_string}"},"query-input":"required name=search_term_string"}],"inLanguage":"vn"},{"@type":"Organization","@id":"https:\/\/www.sixsensescondao.com\/#organization","name":"Six Senses Con Dao","url":"https:\/\/www.sixsensescondao.com\/","logo":{"@type":"ImageObject","inLanguage":"vn","@id":"https:\/\/www.sixsensescondao.com\/#\/schema\/logo\/image\/","url":"https:\/\/www.sixsensescondao.com\/wp-content\/uploads\/2020\/07\/SSCD-mau-tim.png","contentUrl":"https:\/\/www.sixsensescondao.com\/wp-content\/uploads\/2020\/07\/SSCD-mau-tim.png","width":1772,"height":1772,"caption":"Six Senses Con Dao"},"image":{"@id":"https:\/\/www.sixsensescondao.com\/#\/schema\/logo\/image\/"},"sameAs":["https:\/\/www.facebook.com\/SixSensesConDao","https:\/\/twitter.com\/SixSensesConDao","https:\/\/www.instagram.com\/sixsensescondao\/","https:\/\/www.linkedin.com\/company\/six-senses-con-dao","https:\/\/www.pinterest.com\/sixsensescondao\/","https:\/\/www.youtube.com\/channel\/UCRQWMAX_rQJnQkhTI810TNA"]}]}},"_links":{"self":[{"href":"https:\/\/www.sixsensescondao.com\/vn\/wp-json\/wp\/v2\/pages\/6020"}],"collection":[{"href":"https:\/\/www.sixsensescondao.com\/vn\/wp-json\/wp\/v2\/pages"}],"about":[{"href":"https:\/\/www.sixsensescondao.com\/vn\/wp-json\/wp\/v2\/types\/page"}],"author":[{"embeddable":true,"href":"https:\/\/www.sixsensescondao.com\/vn\/wp-json\/wp\/v2\/users\/1"}],"replies":[{"embeddable":true,"href":"https:\/\/www.sixsensescondao.com\/vn\/wp-json\/wp\/v2\/comments?post=6020"}],"version-history":[{"count":0,"href":"https:\/\/www.sixsensescondao.com\/vn\/wp-json\/wp\/v2\/pages\/6020\/revisions"}],"wp:attachment":[{"href":"https:\/\/www.sixsensescondao.com\/vn\/wp-json\/wp\/v2\/media?parent=6020"}],"curies":[{"name":"wp","href":"https:\/\/api.w.org\/{rel}","templated":true}]}}