{"id":14300,"date":"2020-10-08T10:29:01","date_gmt":"2020-10-08T03:29:01","guid":{"rendered":"https:\/\/sixsensescondao.com\/blog\/"},"modified":"2020-10-08T10:29:01","modified_gmt":"2020-10-08T03:29:01","slug":"blog","status":"publish","type":"page","link":"https:\/\/www.sixsensescondao.com\/vn\/blog\/","title":{"rendered":"Blog"},"content":{"rendered":"\t\t<div data-elementor-type=\"wp-post\" data-elementor-id=\"14300\" class=\"elementor elementor-14300 elementor-12739\" data-elementor-post-type=\"page\">\n\t\t\t\t\t\t<section class=\"elementor-section elementor-top-section elementor-element elementor-element-73d9928 elementor-section-stretched elementor-section-full_width inner_menu_container elementor-section-height-default elementor-section-height-default\" data-id=\"73d9928\" data-element_type=\"section\" data-settings=\"{&quot;stretch_section&quot;:&quot;section-stretched&quot;}\">\n\t\t\t\t\t\t<div class=\"elementor-container elementor-column-gap-no\">\n\t\t\t\t\t<div class=\"elementor-column elementor-col-100 elementor-top-column elementor-element elementor-element-eecbcca\" data-id=\"eecbcca\" data-element_type=\"column\">\n\t\t\t<div class=\"elementor-widget-wrap elementor-element-populated\">\n\t\t\t\t\t\t<div class=\"elementor-element elementor-element-6a08b5e elementor-widget elementor-widget-wp-widget-nav_menu\" data-id=\"6a08b5e\" data-element_type=\"widget\" data-widget_type=\"wp-widget-nav_menu.default\">\n\t\t\t\t<div class=\"elementor-widget-container\">\n\t\t\t<div class=\"menu-media-center-menu-vn-container\"><ul id=\"menu-media-center-menu-vn\" class=\"menu\"><li id=\"menu-item-6099\" class=\"menu-item menu-item-type-post_type menu-item-object-page menu-item-6099\"><a href=\"https:\/\/www.sixsensescondao.com\/vn\/media-center\/\">Trung T\u00e2m Truy\u1ec1n Th\u00f4ng<\/a><\/li>\n<li id=\"menu-item-6100\" class=\"menu-item menu-item-type-post_type menu-item-object-page menu-item-6100\"><a href=\"https:\/\/www.sixsensescondao.com\/vn\/press-releases\/\">Th\u00f4ng C\u00e1o B\u00e1o Ch\u00ed<\/a><\/li>\n<li id=\"menu-item-6101\" class=\"menu-item menu-item-type-post_type menu-item-object-page menu-item-6101\"><a href=\"https:\/\/www.sixsensescondao.com\/vn\/media-kit\/\">T\u00e0i Li\u1ec7u Truy\u1ec1n Th\u00f4ng<\/a><\/li>\n<li id=\"menu-item-14302\" class=\"menu-item menu-item-type-post_type menu-item-object-page menu-item-14302\"><a href=\"https:\/\/www.sixsensescondao.com\/vn\/blog\/\">Blog<\/a><\/li>\n<\/ul><\/div>\t\t<\/div>\n\t\t\t\t<\/div>\n\t\t\t\t\t<\/div>\n\t\t<\/div>\n\t\t\t\t\t<\/div>\n\t\t<\/section>\n\t\t\t\t<section class=\"elementor-section elementor-top-section elementor-element elementor-element-5f6a68c elementor-section-stretched elementor-section-full_width container_fullwidth elementor-section-height-default elementor-section-height-default\" data-id=\"5f6a68c\" data-element_type=\"section\" data-settings=\"{&quot;stretch_section&quot;:&quot;section-stretched&quot;,&quot;background_background&quot;:&quot;classic&quot;}\">\n\t\t\t\t\t\t<div class=\"elementor-container elementor-column-gap-default\">\n\t\t\t\t\t<div class=\"elementor-column elementor-col-100 elementor-top-column elementor-element elementor-element-37b24a5\" data-id=\"37b24a5\" data-element_type=\"column\">\n\t\t\t<div class=\"elementor-widget-wrap elementor-element-populated\">\n\t\t\t\t\t\t<div class=\"elementor-element elementor-element-5caca46 elementor-widget elementor-widget-shortcode\" data-id=\"5caca46\" data-element_type=\"widget\" data-widget_type=\"shortcode.default\">\n\t\t\t\t<div class=\"elementor-widget-container\">\n\t\t\t\t\t<div class=\"elementor-shortcode\">    <div class=\"press_releases_container blog_wrapper\">\n        <form method=\"get\" action=\"https:\/\/www.sixsensescondao.com\/vn\/blog\/\">\n            <div class=\"filter-control\">\n                <div class=\"filter-group search boxes\">\n                    <input  type=\"text\" name=\"search\" placeholder=\"Vui l\u00f2ng nh\u1eadp t\u1eeb ho\u1eb7c c\u1ee5m t\u1eeb c\u1ea7n t\u00ecm\"\/>\n                <\/div>\n                <select name=\"month\" id=\"filter-month\" class=\"boxes\">\n                    <option value=\"\">Th\u00e1ng<\/option>\n                    <option value=\"1\">th\u00e1ng m\u1ed9t<\/option><option value=\"2\">th\u00e1ng hai<\/option><option value=\"3\">th\u00e1ng ba<\/option><option value=\"4\">th\u00e1ng t\u01b0<\/option><option value=\"5\">th\u00e1ng n\u0103m<\/option><option value=\"6\">th\u00e1ng s\u00e1u<\/option><option value=\"7\">th\u00e1ng b\u1ea3y<\/option><option value=\"8\">th\u00e1ng t\u00e1m<\/option><option value=\"9\">th\u00e1ng ch\u00edn<\/option><option value=\"10\">th\u00e1ng m\u01b0\u1eddi<\/option><option value=\"11\">th\u00e1ng m\u01b0\u1eddi m\u1ed9t<\/option><option value=\"12\">th\u00e1ng m\u01b0\u1eddi hai<\/option>                <\/select>\n                <select name=\"year\" id=\"filter-year\" class=\"boxes\">\n                    <option value=\"\">N\u0103m<\/option>\n                    <option value=\"2020\">2020<\/option>\n                    <option value=\"2019\">2019<\/option>\n                <\/select>\n                <div class=\"boxes-submit\">\n                    <input type=\"submit\" id=\"searchsubmit\" value=\"T\u00ecm\" \/>\n                <\/div>\n            <\/div>\n        <\/form>\n        <div id=\"blog_container\" class=\"blog_container\">\n            <span>3 K\u1ebft qu\u1ea3 t\u00ecm \u0111\u01b0\u1ee3c<\/span>                    <div class=\"list col-md-4\">\n                        <a href=\"https:\/\/www.sixsensescondao.com\/vn\/blog\/ngay-dong-vat-hoang-da-the-gioi-2023\/\">\n                            <div class=\"thumb\" style=\"background:url(https:\/\/www.sixsensescondao.com\/wp-content\/uploads\/2023\/03\/Turtles-Releasing_1.jpeg)  no-repeat center top transparent; background-size:cover !important; padding-top: 65%; display: block;\" >\n                                <h3 class=\"blog-name\">\n                                    Conservation                                <\/h3>\n                            <\/div>\n                            <div class=\"blog-info\">\n                                Ng\u00e0y \u0110\u1ed9ng V\u1eadt Hoang D\u00e3 Th\u1ebf Gi\u1edbi 2023                            <\/div>\n\n                        <\/a>\n                    <\/div>\n                                    <div class=\"list col-md-4\">\n                        <a href=\"https:\/\/www.sixsensescondao.com\/vn\/blog\/chien-binh-moi-truong-2022\/\">\n                            <div class=\"thumb\" style=\"background:url(https:\/\/www.sixsensescondao.com\/wp-content\/uploads\/2022\/06\/1976e06f763ab764ee2b45-scaled.jpg)  no-repeat center top transparent; background-size:cover !important; padding-top: 65%; display: block;\" >\n                                <h3 class=\"blog-name\">\n                                    Sustainabilities                                <\/h3>\n                            <\/div>\n                            <div class=\"blog-info\">\n                                Chi\u1ebfn Binh M\u00f4i Tr\u01b0\u1eddng 2022                            <\/div>\n\n                        <\/a>\n                    <\/div>\n                                    <div class=\"list col-md-4\">\n                        <a href=\"https:\/\/www.sixsensescondao.com\/vn\/blog\/eat-with-six-senses-chicken-villa\/\">\n                            <div class=\"thumb\" style=\"background:url(https:\/\/www.sixsensescondao.com\/wp-content\/uploads\/2020\/06\/IMG_8580.jpg)  no-repeat center top transparent; background-size:cover !important; padding-top: 65%; display: block;\" >\n                                <h3 class=\"blog-name\">\n                                    Eat with Six senses                                <\/h3>\n                            <\/div>\n                            <div class=\"blog-info\">\n                                Eat With Six Senses &#8211; Chicken Villa                            <\/div>\n\n                        <\/a>\n                    <\/div>\n                        <\/div>\n    <\/div>\n    <\/div>\n\t\t\t\t<\/div>\n\t\t\t\t<\/div>\n\t\t\t\t\t<\/div>\n\t\t<\/div>\n\t\t\t\t\t<\/div>\n\t\t<\/section>\n\t\t\t\t<\/div>\n\t\t","protected":false},"excerpt":{"rendered":"","protected":false},"author":1,"featured_media":0,"parent":0,"menu_order":0,"comment_status":"closed","ping_status":"closed","template":"active-header.php","meta":{"_acf_changed":false,"om_disable_all_campaigns":false,"_monsterinsights_skip_tracking":false,"_monsterinsights_sitenote_active":false,"_monsterinsights_sitenote_note":"","_monsterinsights_sitenote_category":0,"footnotes":"","_links_to":"","_links_to_target":""},"acf":[],"yoast_head":"<!-- This site is optimized with the Yoast SEO plugin v22.0 - https:\/\/yoast.com\/wordpress\/plugins\/seo\/ -->\n<title>Blog - Six Senses Con Dao<\/title>\n<meta name=\"robots\" content=\"index, follow, max-snippet:-1, max-image-preview:large, max-video-preview:-1\" \/>\n<link rel=\"canonical\" href=\"https:\/\/www.sixsensescondao.com\/vn\/blog\/\" \/>\n<meta property=\"og:locale\" content=\"en_US\" \/>\n<meta property=\"og:type\" content=\"article\" \/>\n<meta property=\"og:title\" content=\"Blog - Six Senses Con Dao\" \/>\n<meta property=\"og:url\" content=\"https:\/\/www.sixsensescondao.com\/vn\/blog\/\" \/>\n<meta property=\"og:site_name\" content=\"Six Senses Con Dao\" \/>\n<meta property=\"article:publisher\" content=\"https:\/\/www.facebook.com\/SixSensesConDao\" \/>\n<meta property=\"og:image\" content=\"https:\/\/www.sixsensescondao.com\/wp-content\/uploads\/2020\/07\/Ocean_View_4_Bedroom_Pool_VIlla_3_6600-LARGE.jpg\" \/>\n\t<meta property=\"og:image:width\" content=\"1240\" \/>\n\t<meta property=\"og:image:height\" content=\"827\" \/>\n\t<meta property=\"og:image:type\" content=\"image\/jpeg\" \/>\n<meta name=\"twitter:card\" content=\"summary_large_image\" \/>\n<meta name=\"twitter:site\" content=\"@SixSensesConDao\" \/>\n<!-- \/ Yoast SEO plugin. -->","yoast_head_json":{"title":"Blog - Six Senses Con Dao","robots":{"index":"index","follow":"follow","max-snippet":"max-snippet:-1","max-image-preview":"max-image-preview:large","max-video-preview":"max-video-preview:-1"},"canonical":"https:\/\/www.sixsensescondao.com\/vn\/blog\/","og_locale":"en_US","og_type":"article","og_title":"Blog - Six Senses Con Dao","og_url":"https:\/\/www.sixsensescondao.com\/vn\/blog\/","og_site_name":"Six Senses Con Dao","article_publisher":"https:\/\/www.facebook.com\/SixSensesConDao","og_image":[{"width":1240,"height":827,"url":"https:\/\/www.sixsensescondao.com\/wp-content\/uploads\/2020\/07\/Ocean_View_4_Bedroom_Pool_VIlla_3_6600-LARGE.jpg","type":"image\/jpeg"}],"twitter_card":"summary_large_image","twitter_site":"@SixSensesConDao","schema":{"@context":"https:\/\/schema.org","@graph":[{"@type":"WebPage","@id":"https:\/\/www.sixsensescondao.com\/vn\/blog\/","url":"https:\/\/www.sixsensescondao.com\/vn\/blog\/","name":"Blog - Six Senses Con Dao","isPartOf":{"@id":"https:\/\/www.sixsensescondao.com\/#website"},"datePublished":"2020-10-08T03:29:01+00:00","dateModified":"2020-10-08T03:29:01+00:00","breadcrumb":{"@id":"https:\/\/www.sixsensescondao.com\/vn\/blog\/#breadcrumb"},"inLanguage":"vn","potentialAction":[{"@type":"ReadAction","target":["https:\/\/www.sixsensescondao.com\/vn\/blog\/"]}]},{"@type":"BreadcrumbList","@id":"https:\/\/www.sixsensescondao.com\/vn\/blog\/#breadcrumb","itemListElement":[{"@type":"ListItem","position":1,"name":"Home","item":"https:\/\/www.sixsensescondao.com\/"},{"@type":"ListItem","position":2,"name":"Blog"}]},{"@type":"WebSite","@id":"https:\/\/www.sixsensescondao.com\/#website","url":"https:\/\/www.sixsensescondao.com\/","name":"Six Senses Con Dao","description":"","publisher":{"@id":"https:\/\/www.sixsensescondao.com\/#organization"},"potentialAction":[{"@type":"SearchAction","target":{"@type":"EntryPoint","urlTemplate":"https:\/\/www.sixsensescondao.com\/?s={search_term_string}"},"query-input":"required name=search_term_string"}],"inLanguage":"vn"},{"@type":"Organization","@id":"https:\/\/www.sixsensescondao.com\/#organization","name":"Six Senses Con Dao","url":"https:\/\/www.sixsensescondao.com\/","logo":{"@type":"ImageObject","inLanguage":"vn","@id":"https:\/\/www.sixsensescondao.com\/#\/schema\/logo\/image\/","url":"https:\/\/www.sixsensescondao.com\/wp-content\/uploads\/2020\/07\/SSCD-mau-tim.png","contentUrl":"https:\/\/www.sixsensescondao.com\/wp-content\/uploads\/2020\/07\/SSCD-mau-tim.png","width":1772,"height":1772,"caption":"Six Senses Con Dao"},"image":{"@id":"https:\/\/www.sixsensescondao.com\/#\/schema\/logo\/image\/"},"sameAs":["https:\/\/www.facebook.com\/SixSensesConDao","https:\/\/twitter.com\/SixSensesConDao","https:\/\/www.instagram.com\/sixsensescondao\/","https:\/\/www.linkedin.com\/company\/six-senses-con-dao","https:\/\/www.pinterest.com\/sixsensescondao\/","https:\/\/www.youtube.com\/channel\/UCRQWMAX_rQJnQkhTI810TNA"]}]}},"_links":{"self":[{"href":"https:\/\/www.sixsensescondao.com\/vn\/wp-json\/wp\/v2\/pages\/14300"}],"collection":[{"href":"https:\/\/www.sixsensescondao.com\/vn\/wp-json\/wp\/v2\/pages"}],"about":[{"href":"https:\/\/www.sixsensescondao.com\/vn\/wp-json\/wp\/v2\/types\/page"}],"author":[{"embeddable":true,"href":"https:\/\/www.sixsensescondao.com\/vn\/wp-json\/wp\/v2\/users\/1"}],"replies":[{"embeddable":true,"href":"https:\/\/www.sixsensescondao.com\/vn\/wp-json\/wp\/v2\/comments?post=14300"}],"version-history":[{"count":0,"href":"https:\/\/www.sixsensescondao.com\/vn\/wp-json\/wp\/v2\/pages\/14300\/revisions"}],"wp:attachment":[{"href":"https:\/\/www.sixsensescondao.com\/vn\/wp-json\/wp\/v2\/media?parent=14300"}],"curies":[{"name":"wp","href":"https:\/\/api.w.org\/{rel}","templated":true}]}}